{"id":30,"date":"2013-12-06T13:39:48","date_gmt":"2013-12-06T13:39:48","guid":{"rendered":"http:\/\/formationdc.ca\/?page_id=30"},"modified":"2021-03-18T18:05:53","modified_gmt":"2021-03-18T18:05:53","slug":"lequipe","status":"publish","type":"page","link":"https:\/\/formationdc.ca\/?page_id=30","title":{"rendered":"L&rsquo;\u00e9quipe"},"content":{"rendered":"\n<p><strong>FORMATION <span style=\"color: #ff0000;\">D.C<\/span>.<\/strong> vous permet d\u2019apprendre le m\u00e9tier de Directeur commercial par la voix de trois formatrices d\u2019exp\u00e9rience toujours en poste donc, \u00e0 l\u2019aff\u00fbt des m\u00e9thodes actuelles de ventes ainsi que des nouvelles approches envers la client\u00e8le. Ce cours vous fera alors conna\u00eetre la vraie vie d\u2019une journ\u00e9e-type d\u2019un Directeur Commercial avec ses d\u00e9fis, ses emb\u00fbches et ses victoires.<\/p>\n\n\n\n<div class=\"wp-block-image\"><figure class=\"alignleft\"><a href=\"http:\/\/formationdc.ca\/wp-content\/uploads\/2013\/12\/DSC_9801-Edit-2.jpg\"><img loading=\"lazy\" width=\"232\" height=\"300\" src=\"http:\/\/formationdc.ca\/wp-content\/uploads\/2013\/12\/DSC_9801-Edit-2-232x300.jpg\" alt=\"Isabelle Soucy - Formatrice directeur commercial pour Formation DC\" class=\"wp-image-77\" srcset=\"https:\/\/formationdc.ca\/wp-content\/uploads\/2013\/12\/DSC_9801-Edit-2-232x300.jpg 232w, https:\/\/formationdc.ca\/wp-content\/uploads\/2013\/12\/DSC_9801-Edit-2.jpg 559w\" sizes=\"(max-width: 232px) 100vw, 232px\" \/><\/a><\/figure><\/div>\n\n\n\n<p><strong>Isabelle Soucy&nbsp;<\/strong><\/p>\n\n\n\n<p>Ma carri\u00e8re dans le domaine de l&rsquo;automobile a d\u00e9but\u00e9 en 1994 \u00e0 titre de relationniste pour ensuite acc\u00e9der \u00e0 un poste de r\u00e9ceptionniste. Le monde de l&rsquo;automobile \u00e9tant une source d&rsquo;avancement continuel, j&rsquo;ai rapidement acc\u00e9d\u00e9 au poste d&rsquo;assistante au Directeur de ventes.<\/p>\n\n\n\n<p>C&rsquo;est en 1999, que j&rsquo;ai pris la d\u00e9cision de suivre une formation de Directeur commercial (quelle bonne id\u00e9e), et depuis ce temps, j&rsquo;ai le grand bonheur d&rsquo;occuper ce poste rempli d&rsquo;objectifs et de d\u00e9fis chez les concessionnaires automobiles et ainsi de bien conna\u00eetre les besoins et attentes de la client\u00e8le.<\/p>\n\n\n\n<p>Depuis maintenant plus de 10 ans, Marl\u00e8ne Petit et moi avons mis sur pied notre centre de formation afin de former la rel\u00e8ve sous forme de cours priv\u00e9s ou semi-priv\u00e9s. Nous offrons \u00e9galement le service de perfectionnement en concessions pour les directeurs commerciaux d&rsquo;exp\u00e9rience.<\/p>\n\n\n\n<div class=\"wp-block-image\"><figure class=\"alignleft\"><a href=\"http:\/\/formationdc.ca\/wp-content\/uploads\/2013\/12\/DSC_9837-Edit.jpg\"><img loading=\"lazy\" width=\"200\" height=\"300\" src=\"http:\/\/formationdc.ca\/wp-content\/uploads\/2013\/12\/DSC_9837-Edit-200x300.jpg\" alt=\"Marl\u00e8ne Petit - Formatrice directeur commercial pour Formation DC\" class=\"wp-image-61\" title=\"Formatrice\" srcset=\"https:\/\/formationdc.ca\/wp-content\/uploads\/2013\/12\/DSC_9837-Edit-200x300.jpg 200w, https:\/\/formationdc.ca\/wp-content\/uploads\/2013\/12\/DSC_9837-Edit.jpg 481w\" sizes=\"(max-width: 200px) 100vw, 200px\" \/><\/a><\/figure><\/div>\n\n\n\n<p><strong>Marl\u00e8ne Petit&nbsp;<\/strong><\/p>\n\n\n\n<p>Suite \u00e0 l\u2019obtention de mon dipl\u00f4me en Marketing aux Hautes \u00c9tudes Commerciales en 1987, j\u2019ai tout d\u2019abord acc\u00e9d\u00e9 \u00e0 un poste d\u2019adjointe au cr\u00e9dit personnel, aux services des concessionnaires automobile pour la Banque de Nouvelle-\u00c9cosse.<\/p>\n\n\n\n<p>Le contact quotidien aupr\u00e8s des Directeurs commerciaux a \u00e9veill\u00e9 chez moi l\u2019int\u00e9r\u00eat d\u2019occuper ce poste. J\u2019ai donc rapidement entrepris les mesures n\u00e9cessaires afin d\u2019obtenir ce poste chez Brossard Honda en 1988.<\/p>\n\n\n\n<p>Apr\u00e8s avoir occup\u00e9 ce poste pendant plus de 23 ans, j\u2019ai d\u00e9velopp\u00e9 le go\u00fbt d\u2019enseigner et de partager toutes les connaissances et exp\u00e9riences acquises au cours de ma carri\u00e8re et \u00e9galement d\u2019offrir mes services \u00e0 titre de rempla\u00e7ante Directrice commerciale chez les concessionnaires automobiles et v\u00e9hicules r\u00e9cr\u00e9atifs de toutes marques confondues.<\/p>\n\n\n\n<p>Apr\u00e8s une ann\u00e9e de travail acharn\u00e9 avec ma coll\u00e8gue et amie Isabelle, notre centre de formation a vu le jour en 2009 et nous a permis de former la rel\u00e8ve ainsi que de les appuyer dans leurs d\u00e9marches de recherches d\u2019emploi pour finalement proc\u00e9der \u00e0 leur implantation en concession.<\/p>\n\n\n\n<p>Notre mission est aussi de suivre les performances des directeurs commerciaux d\u2019exp\u00e9rience et ainsi offrir un service de formation continu afin de les motiver \u00e0 toujours bien performer.<\/p>\n\n\n\n<p>C&rsquo;est donc toujours avec grande passion que nous exer\u00e7ons ce m\u00e9tier avec le d\u00e9sir constant de transmettre notre exp\u00e9rience et nos connaissances dans le but de faire conna\u00eetre ce poste de Directeur commercial.<br><script>\/\/ <![CDATA[ (function(i,s,o,g,r,a,m){i['GoogleAnalyticsObject']=r;i[r]=i[r]||function(){ (i[r].q=i[r].q||[]).push(arguments)},i[r].l=1*new Date();a=s.createElement(o), m=s.getElementsByTagName(o)[0];a.async=1;a.src=g;m.parentNode.insertBefore(a,m) })(window,document,'script','https:\/\/www.google-analytics.com\/analytics.js','ga'); ga('create', 'UA-82227459-1', 'auto'); ga('send', 'pageview'); \/\/ ]]><\/script><\/p>\n\n\n\n<div class=\"wp-block-image\"><figure class=\"alignleft size-large is-resized\"><img src=\"http:\/\/formationdc.ca\/wp-content\/uploads\/2020\/05\/isabelle_Anne_Nadeau.jpg\" alt=\"Isabelle Anne Nadeau, formatrice deuxi\u00e8me chance au cr\u00e9dit.\" class=\"wp-image-450\" width=\"200\" srcset=\"https:\/\/formationdc.ca\/wp-content\/uploads\/2020\/05\/isabelle_Anne_Nadeau.jpg 510w, https:\/\/formationdc.ca\/wp-content\/uploads\/2020\/05\/isabelle_Anne_Nadeau-207x300.jpg 207w\" sizes=\"(max-width: 510px) 100vw, 510px\" \/><\/figure><\/div>\n\n\n\n<p><strong>Isabella Nadeau <\/strong><\/p>\n\n\n\n<p>C&rsquo;est en l&rsquo;an 2000 que ma carri\u00e8re a d\u00e9but\u00e9 dans le domaine de l&rsquo;automobile. J&rsquo;ai d&rsquo;abord occup\u00e9 un poste de conseill\u00e8re technique en m\u00e9canique, et ce plusieurs ann\u00e9es. Pendant cette p\u00e9riode j&rsquo;ai eu l&rsquo;occasion d\u2019offrir les protections apr\u00e8s-vente, incluant les plans de protection. (garantie prolong\u00e9e).<\/p>\n\n\n\n<p>Par la suite j&rsquo;ai acc\u00e9d\u00e9 \u00e0 un poste de repr\u00e9sentante aux ventes auquel j&rsquo;ai obtenu beaucoup de succ\u00e8s. Avec l&rsquo;ambition d&rsquo;aller toujours plus loin, je me suis inscrite \u00e0 la formation de directrice commerciale <strong>*Formation DC*<\/strong>. Cette formation m&rsquo;a permis d&rsquo;\u00eatre directrice commerciale en cr\u00e9dit sp\u00e9cialis\u00e9 pendant quelques ann\u00e9es. Ensuite mon parcours de plus en plus complet, m&rsquo;a amen\u00e9 \u00e0 travailler comme directrice de comptes pour deux compagnies de protection m\u00e9canique (garantie prolong\u00e9e). Toutes ces connaissances m&rsquo;ont permis d&rsquo;\u00e9laborer certaines techniques et strat\u00e9gies de vente.<\/p>\n\n\n\n<p>Afin de partager mes connaissances et mon exp\u00e9rience en cr\u00e9dit sp\u00e9cialis\u00e9 je me joins \u00e0 l\u2019\u00e9quipe de Isabelle et Marlene deux personnes dynamiques et professionnelles avec qui j&rsquo;ai gard\u00e9 contact. Au plaisir de vous rencontrer<\/p>\n\n\n\n<p><\/p>\n","protected":false},"excerpt":{"rendered":"<p>FORMATION D.C. vous permet d\u2019apprendre le m\u00e9tier de Directeur commercial par la voix de trois formatrices d\u2019exp\u00e9rience toujours en poste donc, \u00e0 l\u2019aff\u00fbt des m\u00e9thodes actuelles de ventes ainsi que des nouvelles approches envers la client\u00e8le. Ce cours vous fera &hellip; <a href=\"https:\/\/formationdc.ca\/?page_id=30\">Continuer la lecture <span class=\"meta-nav\">&rarr;<\/span><\/a><\/p>\n","protected":false},"author":1,"featured_media":0,"parent":0,"menu_order":0,"comment_status":"closed","ping_status":"closed","template":"sidebar-page.php","meta":[],"yoast_head":"<!-- This site is optimized with the Yoast SEO plugin v15.4 - https:\/\/yoast.com\/wordpress\/plugins\/seo\/ -->\n<meta name=\"robots\" content=\"index, follow, max-snippet:-1, max-image-preview:large, max-video-preview:-1\" \/>\n<link rel=\"canonical\" href=\"http:\/\/formationdc.ca\/?page_id=30\" \/>\n<meta property=\"og:locale\" content=\"fr_FR\" \/>\n<meta property=\"og:type\" content=\"article\" \/>\n<meta property=\"og:title\" content=\"L&#039;\u00e9quipe - Formation directeur commercial\" \/>\n<meta property=\"og:description\" content=\"FORMATION D.C. vous permet d\u2019apprendre le m\u00e9tier de Directeur commercial par la voix de trois formatrices d\u2019exp\u00e9rience toujours en poste donc, \u00e0 l\u2019aff\u00fbt des m\u00e9thodes actuelles de ventes ainsi que des nouvelles approches envers la client\u00e8le. Ce cours vous fera &hellip; Continuer la lecture &rarr;\" \/>\n<meta property=\"og:url\" content=\"http:\/\/formationdc.ca\/?page_id=30\" \/>\n<meta property=\"og:site_name\" content=\"Formation directeur commercial\" \/>\n<meta property=\"article:publisher\" content=\"https:\/\/www.facebook.com\/formation.dc\" \/>\n<meta property=\"article:modified_time\" content=\"2021-03-18T18:05:53+00:00\" \/>\n<meta property=\"og:image\" content=\"http:\/\/formationdc.ca\/wp-content\/uploads\/2013\/12\/DSC_9801-Edit-2-232x300.jpg\" \/>\n<meta name=\"twitter:card\" content=\"summary_large_image\" \/>\n<meta name=\"twitter:label1\" content=\"\u00c9crit par\">\n\t<meta name=\"twitter:data1\" content=\"isoucy\">\n\t<meta name=\"twitter:label2\" content=\"Dur\u00e9e de lecture est.\">\n\t<meta name=\"twitter:data2\" content=\"3 minutes\">\n<script type=\"application\/ld+json\" class=\"yoast-schema-graph\">{\"@context\":\"https:\/\/schema.org\",\"@graph\":[{\"@type\":\"Organization\",\"@id\":\"http:\/\/formationdc.ca\/#organization\",\"name\":\"Formation DC\",\"url\":\"http:\/\/formationdc.ca\/\",\"sameAs\":[\"https:\/\/www.facebook.com\/formation.dc\"],\"logo\":{\"@type\":\"ImageObject\",\"@id\":\"http:\/\/formationdc.ca\/#logo\",\"inLanguage\":\"fr-FR\",\"url\":\"https:\/\/formationdc.ca\/wp-content\/uploads\/2020\/05\/logo_formationDC.jpg\",\"width\":247,\"height\":247,\"caption\":\"Formation DC\"},\"image\":{\"@id\":\"http:\/\/formationdc.ca\/#logo\"}},{\"@type\":\"WebSite\",\"@id\":\"http:\/\/formationdc.ca\/#website\",\"url\":\"http:\/\/formationdc.ca\/\",\"name\":\"Formation directeur commercial\",\"description\":\"dans le domaine de l&#039;automobile - NOUVEAU FORMATION EN LIGNE! - 514.799.8118\",\"publisher\":{\"@id\":\"http:\/\/formationdc.ca\/#organization\"},\"potentialAction\":[{\"@type\":\"SearchAction\",\"target\":\"http:\/\/formationdc.ca\/?s={search_term_string}\",\"query-input\":\"required name=search_term_string\"}],\"inLanguage\":\"fr-FR\"},{\"@type\":\"ImageObject\",\"@id\":\"http:\/\/formationdc.ca\/?page_id=30#primaryimage\",\"inLanguage\":\"fr-FR\",\"url\":\"http:\/\/formationdc.ca\/wp-content\/uploads\/2013\/12\/DSC_9801-Edit-2-232x300.jpg\"},{\"@type\":\"WebPage\",\"@id\":\"http:\/\/formationdc.ca\/?page_id=30#webpage\",\"url\":\"http:\/\/formationdc.ca\/?page_id=30\",\"name\":\"L'\\u00e9quipe - Formation directeur commercial\",\"isPartOf\":{\"@id\":\"http:\/\/formationdc.ca\/#website\"},\"primaryImageOfPage\":{\"@id\":\"http:\/\/formationdc.ca\/?page_id=30#primaryimage\"},\"datePublished\":\"2013-12-06T13:39:48+00:00\",\"dateModified\":\"2021-03-18T18:05:53+00:00\",\"inLanguage\":\"fr-FR\",\"potentialAction\":[{\"@type\":\"ReadAction\",\"target\":[\"http:\/\/formationdc.ca\/?page_id=30\"]}]}]}<\/script>\n<!-- \/ Yoast SEO plugin. -->","_links":{"self":[{"href":"https:\/\/formationdc.ca\/index.php?rest_route=\/wp\/v2\/pages\/30"}],"collection":[{"href":"https:\/\/formationdc.ca\/index.php?rest_route=\/wp\/v2\/pages"}],"about":[{"href":"https:\/\/formationdc.ca\/index.php?rest_route=\/wp\/v2\/types\/page"}],"author":[{"embeddable":true,"href":"https:\/\/formationdc.ca\/index.php?rest_route=\/wp\/v2\/users\/1"}],"replies":[{"embeddable":true,"href":"https:\/\/formationdc.ca\/index.php?rest_route=%2Fwp%2Fv2%2Fcomments&post=30"}],"version-history":[{"count":28,"href":"https:\/\/formationdc.ca\/index.php?rest_route=\/wp\/v2\/pages\/30\/revisions"}],"predecessor-version":[{"id":505,"href":"https:\/\/formationdc.ca\/index.php?rest_route=\/wp\/v2\/pages\/30\/revisions\/505"}],"wp:attachment":[{"href":"https:\/\/formationdc.ca\/index.php?rest_route=%2Fwp%2Fv2%2Fmedia&parent=30"}],"curies":[{"name":"wp","href":"https:\/\/api.w.org\/{rel}","templated":true}]}}