{"id":32,"date":"2013-12-06T13:41:52","date_gmt":"2013-12-06T13:41:52","guid":{"rendered":"http:\/\/formationdc.ca\/?page_id=32"},"modified":"2017-03-09T00:03:23","modified_gmt":"2017-03-09T00:03:23","slug":"contenu-de-la-formation","status":"publish","type":"page","link":"https:\/\/formationdc.ca\/?page_id=32","title":{"rendered":"Contenu de la formation"},"content":{"rendered":"<p>Notre formation priv\u00e9e ou semi-priv\u00e9e implique que nous formons entre 2 et 10 \u00e9l\u00e8ves par session afin de pouvoir assurer un suivi ainsi qu\u2019un support personnalis\u00e9 \u00e0 nos \u00e9l\u00e8ves.<\/p>\n<p><a href=\"http:\/\/formationdc.ca\/wp-content\/uploads\/2013\/12\/formationdc2.jpg\"><img loading=\"lazy\" class=\"alignright size-full wp-image-97\" src=\"http:\/\/formationdc.ca\/wp-content\/uploads\/2013\/12\/formationdc2.jpg\" alt=\"formationdc2\" width=\"600\" height=\"298\" srcset=\"https:\/\/formationdc.ca\/wp-content\/uploads\/2013\/12\/formationdc2.jpg 600w, https:\/\/formationdc.ca\/wp-content\/uploads\/2013\/12\/formationdc2-300x149.jpg 300w, https:\/\/formationdc.ca\/wp-content\/uploads\/2013\/12\/formationdc2-500x248.jpg 500w\" sizes=\"(max-width: 600px) 100vw, 600px\" \/><\/a><\/p>\n<h1>Le but du cours est de faire conna\u00eetre le poste de Directeur commercial\u00a0:<\/h1>\n<p>&#8211; Description de t\u00e2ches<br \/>\n&#8211; R\u00f4le du Directeur commercial et ses responsabilit\u00e9s<br \/>\n&#8211; L\u2019organisation du bureau F&amp;I<br \/>\n&#8211; Pr\u00e9sentation des protections et garanties<br \/>\n&#8211; Service SAAQCLIC et plaquer un v\u00e9hicule par A.T.A.C<br \/>\n&#8211; Comment bien pr\u00e9parer un dossier de livraison.<\/p>\n<h1>R\u00e9partition du Plan de cours\u00a0:<\/h1>\n<h2>Jour 1\u00a0:<\/h2>\n<ul>\n<li>Pr\u00e9sentation des formatrices et des participant(e)s<\/li>\n<li>Description de t\u00e2ches<\/li>\n<li>Les diff\u00e9rentes protections avec l\u2019intervention d\u2019une repr\u00e9sentante de la compagnie de Marquage Antivol Sherlock<\/li>\n<li>La garantie prolong\u00e9e<\/li>\n<li>Les assurances pr\u00eat-versements-maladie-grave et perte d\u2019emploi.<\/li>\n<li>Jeux de r\u00f4les<\/li>\n<li>P\u00e9riode de questions<\/li>\n<\/ul>\n<h2>Jour 2\u00a0:<\/h2>\n<ul>\n<li>L\u2019Assurance de remplacement avec intervention d\u2019un courtier d\u2019assurances (formation et conseils sur r\u00e9f\u00e9rencement)<\/li>\n<li>Les documents de S.A.A.Q<\/li>\n<li>Documents utilis\u00e9s tous les jours et Vocabulaire<\/li>\n<li>Diff\u00e9rents types caract\u00e9riels<\/li>\n<li>Comment monter un dossier<\/li>\n<li>Jeux de r\u00f4les<\/li>\n<li>EXAMEN<\/li>\n<\/ul>\n<p>* Inclus : Plan de cours et 2 d\u00eeners.<br \/>\n<script>\n  (function(i,s,o,g,r,a,m){i['GoogleAnalyticsObject']=r;i[r]=i[r]||function(){\n  (i[r].q=i[r].q||[]).push(arguments)},i[r].l=1*new Date();a=s.createElement(o),\n  m=s.getElementsByTagName(o)[0];a.async=1;a.src=g;m.parentNode.insertBefore(a,m)\n  })(window,document,'script','https:\/\/www.google-analytics.com\/analytics.js','ga');<\/p>\n<p>  ga('create', 'UA-82227459-1', 'auto');\n  ga('send', 'pageview');<\/p>\n<p><\/script><\/p>\n","protected":false},"excerpt":{"rendered":"<p>Notre formation priv\u00e9e ou semi-priv\u00e9e implique que nous formons entre 2 et 10 \u00e9l\u00e8ves par session afin de pouvoir assurer un suivi ainsi qu\u2019un support personnalis\u00e9 \u00e0 nos \u00e9l\u00e8ves. Le but du cours est de faire conna\u00eetre le poste de &hellip; <a href=\"https:\/\/formationdc.ca\/?page_id=32\">Continuer la lecture <span class=\"meta-nav\">&rarr;<\/span><\/a><\/p>\n","protected":false},"author":1,"featured_media":0,"parent":0,"menu_order":0,"comment_status":"closed","ping_status":"closed","template":"sidebar-page.php","meta":[],"yoast_head":"<!-- This site is optimized with the Yoast SEO plugin v15.4 - https:\/\/yoast.com\/wordpress\/plugins\/seo\/ -->\n<meta name=\"robots\" content=\"index, follow, max-snippet:-1, max-image-preview:large, max-video-preview:-1\" \/>\n<link rel=\"canonical\" href=\"https:\/\/formationdc.ca\/?page_id=32\" \/>\n<meta property=\"og:locale\" content=\"fr_FR\" \/>\n<meta property=\"og:type\" content=\"article\" \/>\n<meta property=\"og:title\" content=\"Contenu de la formation - Formation directeur commercial\" \/>\n<meta property=\"og:description\" content=\"Notre formation priv\u00e9e ou semi-priv\u00e9e implique que nous formons entre 2 et 10 \u00e9l\u00e8ves par session afin de pouvoir assurer un suivi ainsi qu\u2019un support personnalis\u00e9 \u00e0 nos \u00e9l\u00e8ves. Le but du cours est de faire conna\u00eetre le poste de &hellip; Continuer la lecture &rarr;\" \/>\n<meta property=\"og:url\" content=\"https:\/\/formationdc.ca\/?page_id=32\" \/>\n<meta property=\"og:site_name\" content=\"Formation directeur commercial\" \/>\n<meta property=\"article:publisher\" content=\"https:\/\/www.facebook.com\/formation.dc\" \/>\n<meta property=\"article:modified_time\" content=\"2017-03-09T00:03:23+00:00\" \/>\n<meta property=\"og:image\" content=\"http:\/\/formationdc.ca\/wp-content\/uploads\/2013\/12\/formationdc2.jpg\" \/>\n<meta name=\"twitter:card\" content=\"summary_large_image\" \/>\n<meta name=\"twitter:label1\" content=\"\u00c9crit par\">\n\t<meta name=\"twitter:data1\" content=\"isoucy\">\n\t<meta name=\"twitter:label2\" content=\"Dur\u00e9e de lecture est.\">\n\t<meta name=\"twitter:data2\" content=\"1 minute\">\n<script type=\"application\/ld+json\" class=\"yoast-schema-graph\">{\"@context\":\"https:\/\/schema.org\",\"@graph\":[{\"@type\":\"Organization\",\"@id\":\"http:\/\/formationdc.ca\/#organization\",\"name\":\"Formation DC\",\"url\":\"http:\/\/formationdc.ca\/\",\"sameAs\":[\"https:\/\/www.facebook.com\/formation.dc\"],\"logo\":{\"@type\":\"ImageObject\",\"@id\":\"http:\/\/formationdc.ca\/#logo\",\"inLanguage\":\"fr-FR\",\"url\":\"https:\/\/formationdc.ca\/wp-content\/uploads\/2020\/05\/logo_formationDC.jpg\",\"width\":247,\"height\":247,\"caption\":\"Formation DC\"},\"image\":{\"@id\":\"http:\/\/formationdc.ca\/#logo\"}},{\"@type\":\"WebSite\",\"@id\":\"http:\/\/formationdc.ca\/#website\",\"url\":\"http:\/\/formationdc.ca\/\",\"name\":\"Formation directeur commercial\",\"description\":\"dans le domaine de l&#039;automobile - NOUVEAU FORMATION EN LIGNE! - 514.799.8118\",\"publisher\":{\"@id\":\"http:\/\/formationdc.ca\/#organization\"},\"potentialAction\":[{\"@type\":\"SearchAction\",\"target\":\"http:\/\/formationdc.ca\/?s={search_term_string}\",\"query-input\":\"required name=search_term_string\"}],\"inLanguage\":\"fr-FR\"},{\"@type\":\"ImageObject\",\"@id\":\"https:\/\/formationdc.ca\/?page_id=32#primaryimage\",\"inLanguage\":\"fr-FR\",\"url\":\"http:\/\/formationdc.ca\/wp-content\/uploads\/2013\/12\/formationdc2.jpg\"},{\"@type\":\"WebPage\",\"@id\":\"https:\/\/formationdc.ca\/?page_id=32#webpage\",\"url\":\"https:\/\/formationdc.ca\/?page_id=32\",\"name\":\"Contenu de la formation - Formation directeur commercial\",\"isPartOf\":{\"@id\":\"http:\/\/formationdc.ca\/#website\"},\"primaryImageOfPage\":{\"@id\":\"https:\/\/formationdc.ca\/?page_id=32#primaryimage\"},\"datePublished\":\"2013-12-06T13:41:52+00:00\",\"dateModified\":\"2017-03-09T00:03:23+00:00\",\"inLanguage\":\"fr-FR\",\"potentialAction\":[{\"@type\":\"ReadAction\",\"target\":[\"https:\/\/formationdc.ca\/?page_id=32\"]}]}]}<\/script>\n<!-- \/ Yoast SEO plugin. -->","_links":{"self":[{"href":"https:\/\/formationdc.ca\/index.php?rest_route=\/wp\/v2\/pages\/32"}],"collection":[{"href":"https:\/\/formationdc.ca\/index.php?rest_route=\/wp\/v2\/pages"}],"about":[{"href":"https:\/\/formationdc.ca\/index.php?rest_route=\/wp\/v2\/types\/page"}],"author":[{"embeddable":true,"href":"https:\/\/formationdc.ca\/index.php?rest_route=\/wp\/v2\/users\/1"}],"replies":[{"embeddable":true,"href":"https:\/\/formationdc.ca\/index.php?rest_route=%2Fwp%2Fv2%2Fcomments&post=32"}],"version-history":[{"count":11,"href":"https:\/\/formationdc.ca\/index.php?rest_route=\/wp\/v2\/pages\/32\/revisions"}],"predecessor-version":[{"id":359,"href":"https:\/\/formationdc.ca\/index.php?rest_route=\/wp\/v2\/pages\/32\/revisions\/359"}],"wp:attachment":[{"href":"https:\/\/formationdc.ca\/index.php?rest_route=%2Fwp%2Fv2%2Fmedia&parent=32"}],"curies":[{"name":"wp","href":"https:\/\/api.w.org\/{rel}","templated":true}]}}